{"id":244,"date":"2016-10-11T16:20:05","date_gmt":"2016-10-11T16:20:05","guid":{"rendered":"https:\/\/encostadostuneis.com\/?post_type=product&#038;p=244"},"modified":"2026-02-05T19:21:21","modified_gmt":"2026-02-05T19:21:21","slug":"casa-da-purpura","status":"publish","type":"product","link":"https:\/\/encostadostuneis.com\/fr\/product\/casa-da-purpura\/","title":{"rendered":"Maison Pourpre"},"content":{"rendered":"<p><\/p>\n<p>Casa de R\u00e9s-do-Ch\u00e3o e 1\u00ba. Andar.<\/p>\n<p>O r\u00e9s-do-ch\u00e3o tem uma sala de estar com um sof\u00e1 cama, televis\u00e3o LCD, casa de banho com chuveiro, secador de cabelo e produtos de higiene pessoal. 1.\u00ba andar tem um quarto com piso de madeira, cama de casal, guarda-fatos, <i>mini bar,<\/i>\u00a0m\u00e1quina de caf\u00e9, televis\u00e3o LCD e ar condicionado nos dois pisos.<\/p>\n<p><\/p>","protected":false},"excerpt":{"rendered":"<p>Suite Familiale<\/p>\n","protected":false},"featured_media":1018,"comment_status":"closed","ping_status":"closed","template":"","meta":{"_acf_changed":false},"product_brand":[],"product_cat":[35],"product_tag":[],"class_list":{"0":"post-244","1":"product","2":"type-product","3":"status-publish","4":"has-post-thumbnail","6":"product_cat-suites","8":"first","9":"instock","10":"sold-individually","11":"shipping-taxable","12":"purchasable","13":"product-type-variable"},"acf":[],"yoast_head":"<!-- This site is optimized with the Yoast SEO plugin v27.2 - https:\/\/yoast.com\/product\/yoast-seo-wordpress\/ -->\n<title>Maison Pourpre - Encosta dos T\u00faneis<\/title>\n<meta name=\"robots\" content=\"index, follow, max-snippet:-1, max-image-preview:large, max-video-preview:-1\" \/>\n<link rel=\"canonical\" href=\"https:\/\/encostadostuneis.com\/fr\/product\/casa-da-purpura\/\" \/>\n<meta property=\"og:locale\" content=\"fr_FR\" \/>\n<meta property=\"og:type\" content=\"article\" \/>\n<meta property=\"og:title\" content=\"Maison Pourpre - Encosta dos T\u00faneis\" \/>\n<meta property=\"og:description\" content=\"Suite Familiale\" \/>\n<meta property=\"og:url\" content=\"https:\/\/encostadostuneis.com\/fr\/product\/casa-da-purpura\/\" \/>\n<meta property=\"og:site_name\" content=\"Encosta dos T\u00faneis\" \/>\n<meta property=\"article:publisher\" content=\"https:\/\/www.facebook.com\/encostadostuneis\/\" \/>\n<meta property=\"article:modified_time\" content=\"2026-02-05T19:21:21+00:00\" \/>\n<meta property=\"og:image\" content=\"https:\/\/encostadostuneis.com\/wp-content\/uploads\/2016\/10\/purpura_thumb.webp\" \/>\n\t<meta property=\"og:image:width\" content=\"1524\" \/>\n\t<meta property=\"og:image:height\" content=\"1524\" \/>\n\t<meta property=\"og:image:type\" content=\"image\/webp\" \/>\n<meta name=\"twitter:card\" content=\"summary_large_image\" \/>\n<meta name=\"twitter:label1\" content=\"Dur\u00e9e de lecture estim\u00e9e\" \/>\n\t<meta name=\"twitter:data1\" content=\"1 minute\" \/>\n<script type=\"application\/ld+json\" class=\"yoast-schema-graph\">{\"@context\":\"https:\/\/schema.org\",\"@graph\":[{\"@type\":\"WebPage\",\"@id\":\"https:\/\/encostadostuneis.com\/fr\/product\/casa-da-purpura\/\",\"url\":\"https:\/\/encostadostuneis.com\/fr\/product\/casa-da-purpura\/\",\"name\":\"Maison Pourpre - Encosta dos T\u00faneis\",\"isPartOf\":{\"@id\":\"https:\/\/encostadostuneis.com\/fr\/#website\"},\"primaryImageOfPage\":{\"@id\":\"https:\/\/encostadostuneis.com\/fr\/product\/casa-da-purpura\/#primaryimage\"},\"image\":{\"@id\":\"https:\/\/encostadostuneis.com\/product\/casa-da-purpura\/#primaryimage\"},\"thumbnailUrl\":\"https:\/\/encostadostuneis.com\/wp-content\/uploads\/2016\/10\/purpura_thumb.webp\",\"datePublished\":\"2016-10-11T16:20:05+00:00\",\"dateModified\":\"2026-02-05T19:21:21+00:00\",\"breadcrumb\":{\"@id\":\"https:\/\/encostadostuneis.com\/fr\/product\/casa-da-purpura\/#breadcrumb\"},\"inLanguage\":\"fr-FR\",\"potentialAction\":[{\"@type\":\"ReadAction\",\"target\":[\"https:\/\/encostadostuneis.com\/fr\/wp-json\/wp\/v2\/product\/244\"]}]},{\"@type\":\"ImageObject\",\"inLanguage\":\"fr-FR\",\"@id\":\"https:\/\/encostadostuneis.com\/fr\/product\/casa-da-purpura\/#primaryimage\",\"url\":\"https:\/\/encostadostuneis.com\/wp-content\/uploads\/2016\/10\/purpura_thumb.webp\",\"contentUrl\":\"https:\/\/encostadostuneis.com\/wp-content\/uploads\/2016\/10\/purpura_thumb.webp\",\"width\":1524,\"height\":1524},{\"@type\":\"BreadcrumbList\",\"@id\":\"https:\/\/encostadostuneis.com\/fr\/product\/casa-da-purpura\/#breadcrumb\",\"itemListElement\":[{\"@type\":\"ListItem\",\"position\":1,\"name\":\"In\u00edcio\",\"item\":\"https:\/\/encostadostuneis.com\/fr\/\"},{\"@type\":\"ListItem\",\"position\":2,\"name\":\"Alojamento\",\"item\":\"https:\/\/encostadostuneis.com\/fr\/galeria\/alojamento\/\"},{\"@type\":\"ListItem\",\"position\":3,\"name\":\"Casa da P\u00farpura\"}]},{\"@type\":\"WebSite\",\"@id\":\"https:\/\/encostadostuneis.com\/fr\/#website\",\"url\":\"https:\/\/encostadostuneis.com\/fr\/\",\"name\":\"Encosta dos T\u00faneis\",\"description\":\"Entre a serra e o rio, o bem estar reside aqui.\",\"potentialAction\":[{\"@type\":\"SearchAction\",\"target\":{\"@type\":\"EntryPoint\",\"urlTemplate\":\"https:\/\/encostadostuneis.com\/fr\/?s={search_term_string}\"},\"query-input\":{\"@type\":\"PropertyValueSpecification\",\"valueRequired\":true,\"valueName\":\"search_term_string\"}}],\"inLanguage\":\"fr-FR\"}]}<\/script>\n<!-- \/ Yoast SEO plugin. -->","yoast_head_json":{"title":"Maison Pourpre - Encosta dos T\u00faneis","robots":{"index":"index","follow":"follow","max-snippet":"max-snippet:-1","max-image-preview":"max-image-preview:large","max-video-preview":"max-video-preview:-1"},"canonical":"https:\/\/encostadostuneis.com\/fr\/product\/casa-da-purpura\/","og_locale":"fr_FR","og_type":"article","og_title":"Maison Pourpre - Encosta dos T\u00faneis","og_description":"Suite Familiale","og_url":"https:\/\/encostadostuneis.com\/fr\/product\/casa-da-purpura\/","og_site_name":"Encosta dos T\u00faneis","article_publisher":"https:\/\/www.facebook.com\/encostadostuneis\/","article_modified_time":"2026-02-05T19:21:21+00:00","og_image":[{"width":1524,"height":1524,"url":"https:\/\/encostadostuneis.com\/wp-content\/uploads\/2016\/10\/purpura_thumb.webp","type":"image\/webp"}],"twitter_card":"summary_large_image","twitter_misc":{"Dur\u00e9e de lecture estim\u00e9e":"1 minute"},"schema":{"@context":"https:\/\/schema.org","@graph":[{"@type":"WebPage","@id":"https:\/\/encostadostuneis.com\/fr\/product\/casa-da-purpura\/","url":"https:\/\/encostadostuneis.com\/fr\/product\/casa-da-purpura\/","name":"Maison Pourpre - Encosta dos T\u00faneis","isPartOf":{"@id":"https:\/\/encostadostuneis.com\/fr\/#website"},"primaryImageOfPage":{"@id":"https:\/\/encostadostuneis.com\/fr\/product\/casa-da-purpura\/#primaryimage"},"image":{"@id":"https:\/\/encostadostuneis.com\/product\/casa-da-purpura\/#primaryimage"},"thumbnailUrl":"https:\/\/encostadostuneis.com\/wp-content\/uploads\/2016\/10\/purpura_thumb.webp","datePublished":"2016-10-11T16:20:05+00:00","dateModified":"2026-02-05T19:21:21+00:00","breadcrumb":{"@id":"https:\/\/encostadostuneis.com\/fr\/product\/casa-da-purpura\/#breadcrumb"},"inLanguage":"fr-FR","potentialAction":[{"@type":"ReadAction","target":["https:\/\/encostadostuneis.com\/fr\/wp-json\/wp\/v2\/product\/244"]}]},{"@type":"ImageObject","inLanguage":"fr-FR","@id":"https:\/\/encostadostuneis.com\/fr\/product\/casa-da-purpura\/#primaryimage","url":"https:\/\/encostadostuneis.com\/wp-content\/uploads\/2016\/10\/purpura_thumb.webp","contentUrl":"https:\/\/encostadostuneis.com\/wp-content\/uploads\/2016\/10\/purpura_thumb.webp","width":1524,"height":1524},{"@type":"BreadcrumbList","@id":"https:\/\/encostadostuneis.com\/fr\/product\/casa-da-purpura\/#breadcrumb","itemListElement":[{"@type":"ListItem","position":1,"name":"In\u00edcio","item":"https:\/\/encostadostuneis.com\/fr\/"},{"@type":"ListItem","position":2,"name":"Alojamento","item":"https:\/\/encostadostuneis.com\/fr\/galeria\/alojamento\/"},{"@type":"ListItem","position":3,"name":"Casa da P\u00farpura"}]},{"@type":"WebSite","@id":"https:\/\/encostadostuneis.com\/fr\/#website","url":"https:\/\/encostadostuneis.com\/fr\/","name":"Encosta dos T\u00faneis","description":"Entre a serra e o rio, o bem estar reside aqui.","potentialAction":[{"@type":"SearchAction","target":{"@type":"EntryPoint","urlTemplate":"https:\/\/encostadostuneis.com\/fr\/?s={search_term_string}"},"query-input":{"@type":"PropertyValueSpecification","valueRequired":true,"valueName":"search_term_string"}}],"inLanguage":"fr-FR"}]}},"_links":{"self":[{"href":"https:\/\/encostadostuneis.com\/fr\/wp-json\/wp\/v2\/product\/244","targetHints":{"allow":["GET"]}}],"collection":[{"href":"https:\/\/encostadostuneis.com\/fr\/wp-json\/wp\/v2\/product"}],"about":[{"href":"https:\/\/encostadostuneis.com\/fr\/wp-json\/wp\/v2\/types\/product"}],"replies":[{"embeddable":true,"href":"https:\/\/encostadostuneis.com\/fr\/wp-json\/wp\/v2\/comments?post=244"}],"wp:featuredmedia":[{"embeddable":true,"href":"https:\/\/encostadostuneis.com\/fr\/wp-json\/wp\/v2\/media\/1018"}],"wp:attachment":[{"href":"https:\/\/encostadostuneis.com\/fr\/wp-json\/wp\/v2\/media?parent=244"}],"wp:term":[{"taxonomy":"product_brand","embeddable":true,"href":"https:\/\/encostadostuneis.com\/fr\/wp-json\/wp\/v2\/product_brand?post=244"},{"taxonomy":"product_cat","embeddable":true,"href":"https:\/\/encostadostuneis.com\/fr\/wp-json\/wp\/v2\/product_cat?post=244"},{"taxonomy":"product_tag","embeddable":true,"href":"https:\/\/encostadostuneis.com\/fr\/wp-json\/wp\/v2\/product_tag?post=244"}],"curies":[{"name":"wp","href":"https:\/\/api.w.org\/{rel}","templated":true}]}}