{"id":1007,"date":"2026-02-03T20:22:32","date_gmt":"2026-02-03T20:22:32","guid":{"rendered":"https:\/\/encostadostuneis.com\/?post_type=product&#038;p=1007"},"modified":"2026-02-05T19:23:45","modified_gmt":"2026-02-05T19:23:45","slug":"villa-das-vinhas","status":"publish","type":"product","link":"https:\/\/encostadostuneis.com\/fr\/product\/villa-das-vinhas\/","title":{"rendered":"Villa Vignoble"},"content":{"rendered":"<p><\/p>\n<p>Maison au rez-de-chauss\u00e9e avec cuisine \u00e9quip\u00e9e de plaques de cuisson, four, r\u00e9frig\u00e9rateur, micro-ondes, grille-pain, machine \u00e0 caf\u00e9, lave-vaisselle, chemin\u00e9e avec cuisini\u00e8re et canap\u00e9, salon, trois chambres avec lit double et salle de bain priv\u00e9e \u00e9quip\u00e9e de douche, s\u00e8che-cheveux et articles de toilette. Toutes les chambres disposent d&#8217;une t\u00e9l\u00e9vision \u00e0 \u00e9cran LCD avec cha\u00eenes fibre, de la climatisation et d&#8217;une connexion Wi-Fi gratuite.<\/p>\n<p>Cette maison dispose d&#8217;un coin salon ext\u00e9rieur avec barbecue.<\/p>\n<p><\/p>","protected":false},"excerpt":{"rendered":"<p>Maison au rez-de-chauss\u00e9e avec cuisine \u00e9quip\u00e9e de plaques de cuisson, four, r\u00e9frig\u00e9rateur, micro-ondes, grille-pain, machine \u00e0 caf\u00e9, lave-vaisselle, chemin\u00e9e avec cuisini\u00e8re et canap\u00e9, salon, trois chambres avec lit double et salle de bain priv\u00e9e \u00e9quip\u00e9e de douche, s\u00e8che-cheveux et articles de toilette. Toutes les chambres disposent d&#8217;une t\u00e9l\u00e9vision \u00e0 \u00e9cran LCD avec cha\u00eenes fibre, de [&hellip;]<\/p>\n","protected":false},"featured_media":1015,"comment_status":"open","ping_status":"closed","template":"","meta":{"_acf_changed":false},"product_brand":[],"product_cat":[34],"product_tag":[],"class_list":{"0":"post-1007","1":"product","2":"type-product","3":"status-publish","4":"has-post-thumbnail","6":"product_cat-villas","8":"first","9":"instock","10":"sold-individually","11":"shipping-taxable","12":"product-type-simple"},"acf":[],"yoast_head":"<!-- This site is optimized with the Yoast SEO plugin v27.2 - https:\/\/yoast.com\/product\/yoast-seo-wordpress\/ -->\n<title>Villa Vignoble - Encosta dos T\u00faneis<\/title>\n<meta name=\"robots\" content=\"index, follow, max-snippet:-1, max-image-preview:large, max-video-preview:-1\" \/>\n<link rel=\"canonical\" href=\"https:\/\/encostadostuneis.com\/fr\/product\/villa-das-vinhas\/\" \/>\n<meta property=\"og:locale\" content=\"fr_FR\" \/>\n<meta property=\"og:type\" content=\"article\" \/>\n<meta property=\"og:title\" content=\"Villa Vignoble - Encosta dos T\u00faneis\" \/>\n<meta property=\"og:description\" content=\"Maison au rez-de-chauss\u00e9e avec cuisine \u00e9quip\u00e9e de plaques de cuisson, four, r\u00e9frig\u00e9rateur, micro-ondes, grille-pain, machine \u00e0 caf\u00e9, lave-vaisselle, chemin\u00e9e avec cuisini\u00e8re et canap\u00e9, salon, trois chambres avec lit double et salle de bain priv\u00e9e \u00e9quip\u00e9e de douche, s\u00e8che-cheveux et articles de toilette. Toutes les chambres disposent d&#8217;une t\u00e9l\u00e9vision \u00e0 \u00e9cran LCD avec cha\u00eenes fibre, de [&hellip;]\" \/>\n<meta property=\"og:url\" content=\"https:\/\/encostadostuneis.com\/fr\/product\/villa-das-vinhas\/\" \/>\n<meta property=\"og:site_name\" content=\"Encosta dos T\u00faneis\" \/>\n<meta property=\"article:publisher\" content=\"https:\/\/www.facebook.com\/encostadostuneis\/\" \/>\n<meta property=\"article:modified_time\" content=\"2026-02-05T19:23:45+00:00\" \/>\n<meta property=\"og:image\" content=\"https:\/\/encostadostuneis.com\/wp-content\/uploads\/2026\/02\/villa-vinhas__thumb.webp\" \/>\n\t<meta property=\"og:image:width\" content=\"1179\" \/>\n\t<meta property=\"og:image:height\" content=\"1180\" \/>\n\t<meta property=\"og:image:type\" content=\"image\/webp\" \/>\n<meta name=\"twitter:card\" content=\"summary_large_image\" \/>\n<meta name=\"twitter:label1\" content=\"Dur\u00e9e de lecture estim\u00e9e\" \/>\n\t<meta name=\"twitter:data1\" content=\"1 minute\" \/>\n<script type=\"application\/ld+json\" class=\"yoast-schema-graph\">{\"@context\":\"https:\/\/schema.org\",\"@graph\":[{\"@type\":\"WebPage\",\"@id\":\"https:\/\/encostadostuneis.com\/fr\/product\/villa-das-vinhas\/\",\"url\":\"https:\/\/encostadostuneis.com\/fr\/product\/villa-das-vinhas\/\",\"name\":\"Villa Vignoble - Encosta dos T\u00faneis\",\"isPartOf\":{\"@id\":\"https:\/\/encostadostuneis.com\/fr\/#website\"},\"primaryImageOfPage\":{\"@id\":\"https:\/\/encostadostuneis.com\/fr\/product\/villa-das-vinhas\/#primaryimage\"},\"image\":{\"@id\":\"https:\/\/encostadostuneis.com\/product\/villa-das-vinhas\/#primaryimage\"},\"thumbnailUrl\":\"https:\/\/encostadostuneis.com\/wp-content\/uploads\/2026\/02\/villa-vinhas__thumb.webp\",\"datePublished\":\"2026-02-03T20:22:32+00:00\",\"dateModified\":\"2026-02-05T19:23:45+00:00\",\"breadcrumb\":{\"@id\":\"https:\/\/encostadostuneis.com\/fr\/product\/villa-das-vinhas\/#breadcrumb\"},\"inLanguage\":\"fr-FR\",\"potentialAction\":[{\"@type\":\"ReadAction\",\"target\":[\"https:\/\/encostadostuneis.com\/fr\/wp-json\/wp\/v2\/product\/1007\"]}]},{\"@type\":\"ImageObject\",\"inLanguage\":\"fr-FR\",\"@id\":\"https:\/\/encostadostuneis.com\/fr\/product\/villa-das-vinhas\/#primaryimage\",\"url\":\"https:\/\/encostadostuneis.com\/wp-content\/uploads\/2026\/02\/villa-vinhas__thumb.webp\",\"contentUrl\":\"https:\/\/encostadostuneis.com\/wp-content\/uploads\/2026\/02\/villa-vinhas__thumb.webp\",\"width\":1179,\"height\":1180},{\"@type\":\"BreadcrumbList\",\"@id\":\"https:\/\/encostadostuneis.com\/fr\/product\/villa-das-vinhas\/#breadcrumb\",\"itemListElement\":[{\"@type\":\"ListItem\",\"position\":1,\"name\":\"In\u00edcio\",\"item\":\"https:\/\/encostadostuneis.com\/fr\/\"},{\"@type\":\"ListItem\",\"position\":2,\"name\":\"Alojamento\",\"item\":\"https:\/\/encostadostuneis.com\/fr\/galeria\/alojamento\/\"},{\"@type\":\"ListItem\",\"position\":3,\"name\":\"Villa das Vinhas\"}]},{\"@type\":\"WebSite\",\"@id\":\"https:\/\/encostadostuneis.com\/fr\/#website\",\"url\":\"https:\/\/encostadostuneis.com\/fr\/\",\"name\":\"Encosta dos T\u00faneis\",\"description\":\"Entre a serra e o rio, o bem estar reside aqui.\",\"potentialAction\":[{\"@type\":\"SearchAction\",\"target\":{\"@type\":\"EntryPoint\",\"urlTemplate\":\"https:\/\/encostadostuneis.com\/fr\/?s={search_term_string}\"},\"query-input\":{\"@type\":\"PropertyValueSpecification\",\"valueRequired\":true,\"valueName\":\"search_term_string\"}}],\"inLanguage\":\"fr-FR\"}]}<\/script>\n<!-- \/ Yoast SEO plugin. -->","yoast_head_json":{"title":"Villa Vignoble - Encosta dos T\u00faneis","robots":{"index":"index","follow":"follow","max-snippet":"max-snippet:-1","max-image-preview":"max-image-preview:large","max-video-preview":"max-video-preview:-1"},"canonical":"https:\/\/encostadostuneis.com\/fr\/product\/villa-das-vinhas\/","og_locale":"fr_FR","og_type":"article","og_title":"Villa Vignoble - Encosta dos T\u00faneis","og_description":"Maison au rez-de-chauss\u00e9e avec cuisine \u00e9quip\u00e9e de plaques de cuisson, four, r\u00e9frig\u00e9rateur, micro-ondes, grille-pain, machine \u00e0 caf\u00e9, lave-vaisselle, chemin\u00e9e avec cuisini\u00e8re et canap\u00e9, salon, trois chambres avec lit double et salle de bain priv\u00e9e \u00e9quip\u00e9e de douche, s\u00e8che-cheveux et articles de toilette. Toutes les chambres disposent d&#8217;une t\u00e9l\u00e9vision \u00e0 \u00e9cran LCD avec cha\u00eenes fibre, de [&hellip;]","og_url":"https:\/\/encostadostuneis.com\/fr\/product\/villa-das-vinhas\/","og_site_name":"Encosta dos T\u00faneis","article_publisher":"https:\/\/www.facebook.com\/encostadostuneis\/","article_modified_time":"2026-02-05T19:23:45+00:00","og_image":[{"width":1179,"height":1180,"url":"https:\/\/encostadostuneis.com\/wp-content\/uploads\/2026\/02\/villa-vinhas__thumb.webp","type":"image\/webp"}],"twitter_card":"summary_large_image","twitter_misc":{"Dur\u00e9e de lecture estim\u00e9e":"1 minute"},"schema":{"@context":"https:\/\/schema.org","@graph":[{"@type":"WebPage","@id":"https:\/\/encostadostuneis.com\/fr\/product\/villa-das-vinhas\/","url":"https:\/\/encostadostuneis.com\/fr\/product\/villa-das-vinhas\/","name":"Villa Vignoble - Encosta dos T\u00faneis","isPartOf":{"@id":"https:\/\/encostadostuneis.com\/fr\/#website"},"primaryImageOfPage":{"@id":"https:\/\/encostadostuneis.com\/fr\/product\/villa-das-vinhas\/#primaryimage"},"image":{"@id":"https:\/\/encostadostuneis.com\/product\/villa-das-vinhas\/#primaryimage"},"thumbnailUrl":"https:\/\/encostadostuneis.com\/wp-content\/uploads\/2026\/02\/villa-vinhas__thumb.webp","datePublished":"2026-02-03T20:22:32+00:00","dateModified":"2026-02-05T19:23:45+00:00","breadcrumb":{"@id":"https:\/\/encostadostuneis.com\/fr\/product\/villa-das-vinhas\/#breadcrumb"},"inLanguage":"fr-FR","potentialAction":[{"@type":"ReadAction","target":["https:\/\/encostadostuneis.com\/fr\/wp-json\/wp\/v2\/product\/1007"]}]},{"@type":"ImageObject","inLanguage":"fr-FR","@id":"https:\/\/encostadostuneis.com\/fr\/product\/villa-das-vinhas\/#primaryimage","url":"https:\/\/encostadostuneis.com\/wp-content\/uploads\/2026\/02\/villa-vinhas__thumb.webp","contentUrl":"https:\/\/encostadostuneis.com\/wp-content\/uploads\/2026\/02\/villa-vinhas__thumb.webp","width":1179,"height":1180},{"@type":"BreadcrumbList","@id":"https:\/\/encostadostuneis.com\/fr\/product\/villa-das-vinhas\/#breadcrumb","itemListElement":[{"@type":"ListItem","position":1,"name":"In\u00edcio","item":"https:\/\/encostadostuneis.com\/fr\/"},{"@type":"ListItem","position":2,"name":"Alojamento","item":"https:\/\/encostadostuneis.com\/fr\/galeria\/alojamento\/"},{"@type":"ListItem","position":3,"name":"Villa das Vinhas"}]},{"@type":"WebSite","@id":"https:\/\/encostadostuneis.com\/fr\/#website","url":"https:\/\/encostadostuneis.com\/fr\/","name":"Encosta dos T\u00faneis","description":"Entre a serra e o rio, o bem estar reside aqui.","potentialAction":[{"@type":"SearchAction","target":{"@type":"EntryPoint","urlTemplate":"https:\/\/encostadostuneis.com\/fr\/?s={search_term_string}"},"query-input":{"@type":"PropertyValueSpecification","valueRequired":true,"valueName":"search_term_string"}}],"inLanguage":"fr-FR"}]}},"_links":{"self":[{"href":"https:\/\/encostadostuneis.com\/fr\/wp-json\/wp\/v2\/product\/1007","targetHints":{"allow":["GET"]}}],"collection":[{"href":"https:\/\/encostadostuneis.com\/fr\/wp-json\/wp\/v2\/product"}],"about":[{"href":"https:\/\/encostadostuneis.com\/fr\/wp-json\/wp\/v2\/types\/product"}],"replies":[{"embeddable":true,"href":"https:\/\/encostadostuneis.com\/fr\/wp-json\/wp\/v2\/comments?post=1007"}],"wp:featuredmedia":[{"embeddable":true,"href":"https:\/\/encostadostuneis.com\/fr\/wp-json\/wp\/v2\/media\/1015"}],"wp:attachment":[{"href":"https:\/\/encostadostuneis.com\/fr\/wp-json\/wp\/v2\/media?parent=1007"}],"wp:term":[{"taxonomy":"product_brand","embeddable":true,"href":"https:\/\/encostadostuneis.com\/fr\/wp-json\/wp\/v2\/product_brand?post=1007"},{"taxonomy":"product_cat","embeddable":true,"href":"https:\/\/encostadostuneis.com\/fr\/wp-json\/wp\/v2\/product_cat?post=1007"},{"taxonomy":"product_tag","embeddable":true,"href":"https:\/\/encostadostuneis.com\/fr\/wp-json\/wp\/v2\/product_tag?post=1007"}],"curies":[{"name":"wp","href":"https:\/\/api.w.org\/{rel}","templated":true}]}}