{"id":6,"date":"2016-09-28T13:51:13","date_gmt":"2016-09-28T13:51:13","guid":{"rendered":"https:\/\/encostadostuneis.com\/?page_id=6"},"modified":"2024-03-11T15:28:06","modified_gmt":"2024-03-11T15:28:06","slug":"a-quinta","status":"publish","type":"page","link":"https:\/\/encostadostuneis.com\/fr\/a-quinta\/","title":{"rendered":"La Ferme"},"content":{"rendered":"<p><\/p>\n<p>Quinta do Vale Covo a \u00e9t\u00e9 acquise\u00a0 par son propri\u00e9taire actuel en 2003, situ\u00e9e \u00e0 Paradela, le long de la rivi\u00e8re Vouga, environ 4 km du centre de Sever do Vouga, zone privil\u00e9gi\u00e9e entre la mer et les montagnes. Quinta do Vale Covo est travers\u00e9e par un cours d\u2019eau qui coule dans la vall\u00e9e \u00a0et sous une ancienne ligne de chemin de fer transform\u00e9e en Ecopiste \u00ab\u00a0Vall\u00e9e du Vouga\u00a0\u00bb. Cette ferme a une riche v\u00e9g\u00e9tation compos\u00e9e d\u2019arbres centenaires et indig\u00e8nes, tels ch\u00e2taigniers, ch\u00eanes, ch\u00eanes &#8211; li\u00e8ges, pins, arbousiers, orangers et vignobles. Transform\u00e9e en h\u00e9bergement, Quinta dos T\u00faneis-Tourisme &amp; Loisir, est l\u2019espace privil\u00e9gi\u00e9 pour se reposer\u00a0 avec un maximum de confort et profiter de la nature \u00e0 l\u2019\u00e9tat pur, un excellent rem\u00e8de au quotidien.<\/p>\n<p>Nous avons des s\u00e9jours disponibles pour tous les gouts, partant d\u2019une grande zone de loisirs avec visites aux vignobles, orangers, champs de myrtilles, contacts avec les animaux\u00a0: comme les pavons, lapins sauvages, truites d\u2019\u00e9tangs, chevaux\u00a0; une Ecopiste pour promenade \u00e0 pied ou en v\u00e9lo\u00a0; des chambres confortables ou une plong\u00e9e dans la belle piscine avec cascade.<\/p>\n<p><\/p>","protected":false},"excerpt":{"rendered":"<p>Quinta do Vale Covo a \u00e9t\u00e9 acquise\u00a0 par son propri\u00e9taire actuel en 2003, situ\u00e9e \u00e0 Paradela, le long de la rivi\u00e8re Vouga, environ 4 km du centre de Sever do Vouga, zone privil\u00e9gi\u00e9e entre la mer et les montagnes. Quinta do Vale Covo est travers\u00e9e par un cours d\u2019eau qui coule dans la vall\u00e9e \u00a0et [&hellip;]<\/p>\n","protected":false},"author":1,"featured_media":0,"parent":0,"menu_order":4,"comment_status":"closed","ping_status":"closed","template":"page-child-pages.php","meta":{"_acf_changed":false,"footnotes":""},"class_list":["post-6","page","type-page","status-publish","hentry"],"acf":[],"yoast_head":"<!-- This site is optimized with the Yoast SEO plugin v27.2 - https:\/\/yoast.com\/product\/yoast-seo-wordpress\/ -->\n<title>La Ferme - Encosta dos T\u00faneis<\/title>\n<meta name=\"robots\" content=\"index, follow, max-snippet:-1, max-image-preview:large, max-video-preview:-1\" \/>\n<link rel=\"canonical\" href=\"https:\/\/encostadostuneis.com\/fr\/a-quinta\/\" \/>\n<meta property=\"og:locale\" content=\"fr_FR\" \/>\n<meta property=\"og:type\" content=\"article\" \/>\n<meta property=\"og:title\" content=\"La Ferme - Encosta dos T\u00faneis\" \/>\n<meta property=\"og:description\" content=\"Quinta do Vale Covo a \u00e9t\u00e9 acquise\u00a0 par son propri\u00e9taire actuel en 2003, situ\u00e9e \u00e0 Paradela, le long de la rivi\u00e8re Vouga, environ 4 km du centre de Sever do Vouga, zone privil\u00e9gi\u00e9e entre la mer et les montagnes. Quinta do Vale Covo est travers\u00e9e par un cours d\u2019eau qui coule dans la vall\u00e9e \u00a0et [&hellip;]\" \/>\n<meta property=\"og:url\" content=\"https:\/\/encostadostuneis.com\/fr\/a-quinta\/\" \/>\n<meta property=\"og:site_name\" content=\"Encosta dos T\u00faneis\" \/>\n<meta property=\"article:publisher\" content=\"https:\/\/www.facebook.com\/encostadostuneis\/\" \/>\n<meta property=\"article:modified_time\" content=\"2024-03-11T15:28:06+00:00\" \/>\n<meta name=\"twitter:card\" content=\"summary_large_image\" \/>\n<meta name=\"twitter:label1\" content=\"Dur\u00e9e de lecture estim\u00e9e\" \/>\n\t<meta name=\"twitter:data1\" content=\"2 minutes\" \/>\n<script type=\"application\/ld+json\" class=\"yoast-schema-graph\">{\"@context\":\"https:\/\/schema.org\",\"@graph\":[{\"@type\":\"WebPage\",\"@id\":\"https:\/\/encostadostuneis.com\/fr\/a-quinta\/\",\"url\":\"https:\/\/encostadostuneis.com\/fr\/a-quinta\/\",\"name\":\"La Ferme - Encosta dos T\u00faneis\",\"isPartOf\":{\"@id\":\"https:\/\/encostadostuneis.com\/fr\/#website\"},\"datePublished\":\"2016-09-28T13:51:13+00:00\",\"dateModified\":\"2024-03-11T15:28:06+00:00\",\"breadcrumb\":{\"@id\":\"https:\/\/encostadostuneis.com\/fr\/a-quinta\/#breadcrumb\"},\"inLanguage\":\"fr-FR\",\"potentialAction\":[{\"@type\":\"ReadAction\",\"target\":[\"https:\/\/encostadostuneis.com\/fr\/wp-json\/wp\/v2\/pages\/6\"]}]},{\"@type\":\"BreadcrumbList\",\"@id\":\"https:\/\/encostadostuneis.com\/fr\/a-quinta\/#breadcrumb\",\"itemListElement\":[{\"@type\":\"ListItem\",\"position\":1,\"name\":\"In\u00edcio\",\"item\":\"https:\/\/encostadostuneis.com\/fr\/\"},{\"@type\":\"ListItem\",\"position\":2,\"name\":\"A quinta\"}]},{\"@type\":\"WebSite\",\"@id\":\"https:\/\/encostadostuneis.com\/fr\/#website\",\"url\":\"https:\/\/encostadostuneis.com\/fr\/\",\"name\":\"Encosta dos T\u00faneis\",\"description\":\"Entre a serra e o rio, o bem estar reside aqui.\",\"potentialAction\":[{\"@type\":\"SearchAction\",\"target\":{\"@type\":\"EntryPoint\",\"urlTemplate\":\"https:\/\/encostadostuneis.com\/fr\/?s={search_term_string}\"},\"query-input\":{\"@type\":\"PropertyValueSpecification\",\"valueRequired\":true,\"valueName\":\"search_term_string\"}}],\"inLanguage\":\"fr-FR\"}]}<\/script>\n<!-- \/ Yoast SEO plugin. -->","yoast_head_json":{"title":"La Ferme - Encosta dos T\u00faneis","robots":{"index":"index","follow":"follow","max-snippet":"max-snippet:-1","max-image-preview":"max-image-preview:large","max-video-preview":"max-video-preview:-1"},"canonical":"https:\/\/encostadostuneis.com\/fr\/a-quinta\/","og_locale":"fr_FR","og_type":"article","og_title":"La Ferme - Encosta dos T\u00faneis","og_description":"Quinta do Vale Covo a \u00e9t\u00e9 acquise\u00a0 par son propri\u00e9taire actuel en 2003, situ\u00e9e \u00e0 Paradela, le long de la rivi\u00e8re Vouga, environ 4 km du centre de Sever do Vouga, zone privil\u00e9gi\u00e9e entre la mer et les montagnes. Quinta do Vale Covo est travers\u00e9e par un cours d\u2019eau qui coule dans la vall\u00e9e \u00a0et [&hellip;]","og_url":"https:\/\/encostadostuneis.com\/fr\/a-quinta\/","og_site_name":"Encosta dos T\u00faneis","article_publisher":"https:\/\/www.facebook.com\/encostadostuneis\/","article_modified_time":"2024-03-11T15:28:06+00:00","twitter_card":"summary_large_image","twitter_misc":{"Dur\u00e9e de lecture estim\u00e9e":"2 minutes"},"schema":{"@context":"https:\/\/schema.org","@graph":[{"@type":"WebPage","@id":"https:\/\/encostadostuneis.com\/fr\/a-quinta\/","url":"https:\/\/encostadostuneis.com\/fr\/a-quinta\/","name":"La Ferme - Encosta dos T\u00faneis","isPartOf":{"@id":"https:\/\/encostadostuneis.com\/fr\/#website"},"datePublished":"2016-09-28T13:51:13+00:00","dateModified":"2024-03-11T15:28:06+00:00","breadcrumb":{"@id":"https:\/\/encostadostuneis.com\/fr\/a-quinta\/#breadcrumb"},"inLanguage":"fr-FR","potentialAction":[{"@type":"ReadAction","target":["https:\/\/encostadostuneis.com\/fr\/wp-json\/wp\/v2\/pages\/6"]}]},{"@type":"BreadcrumbList","@id":"https:\/\/encostadostuneis.com\/fr\/a-quinta\/#breadcrumb","itemListElement":[{"@type":"ListItem","position":1,"name":"In\u00edcio","item":"https:\/\/encostadostuneis.com\/fr\/"},{"@type":"ListItem","position":2,"name":"A quinta"}]},{"@type":"WebSite","@id":"https:\/\/encostadostuneis.com\/fr\/#website","url":"https:\/\/encostadostuneis.com\/fr\/","name":"Encosta dos T\u00faneis","description":"Entre a serra e o rio, o bem estar reside aqui.","potentialAction":[{"@type":"SearchAction","target":{"@type":"EntryPoint","urlTemplate":"https:\/\/encostadostuneis.com\/fr\/?s={search_term_string}"},"query-input":{"@type":"PropertyValueSpecification","valueRequired":true,"valueName":"search_term_string"}}],"inLanguage":"fr-FR"}]}},"_links":{"self":[{"href":"https:\/\/encostadostuneis.com\/fr\/wp-json\/wp\/v2\/pages\/6","targetHints":{"allow":["GET"]}}],"collection":[{"href":"https:\/\/encostadostuneis.com\/fr\/wp-json\/wp\/v2\/pages"}],"about":[{"href":"https:\/\/encostadostuneis.com\/fr\/wp-json\/wp\/v2\/types\/page"}],"author":[{"embeddable":true,"href":"https:\/\/encostadostuneis.com\/fr\/wp-json\/wp\/v2\/users\/1"}],"replies":[{"embeddable":true,"href":"https:\/\/encostadostuneis.com\/fr\/wp-json\/wp\/v2\/comments?post=6"}],"version-history":[{"count":7,"href":"https:\/\/encostadostuneis.com\/fr\/wp-json\/wp\/v2\/pages\/6\/revisions"}],"predecessor-version":[{"id":906,"href":"https:\/\/encostadostuneis.com\/fr\/wp-json\/wp\/v2\/pages\/6\/revisions\/906"}],"wp:attachment":[{"href":"https:\/\/encostadostuneis.com\/fr\/wp-json\/wp\/v2\/media?parent=6"}],"curies":[{"name":"wp","href":"https:\/\/api.w.org\/{rel}","templated":true}]}}