{"id":52,"date":"2016-09-28T16:59:35","date_gmt":"2016-09-28T16:59:35","guid":{"rendered":"https:\/\/encostadostuneis.com\/?page_id=52"},"modified":"2018-03-16T18:16:26","modified_gmt":"2018-03-16T18:16:26","slug":"cascata-da-cabreia","status":"publish","type":"page","link":"https:\/\/encostadostuneis.com\/fr\/explorar\/cascata-da-cabreia\/","title":{"rendered":"Cabreia Cascade"},"content":{"rendered":"<p><\/p>\n<p>Dans tout le pays et les iles, il y a des endroits secrets cachant d\u2019authentiques paradis \u00e0 d\u00e9couvrir. Le VortexMag a class\u00e9 Cabreia Cascade comme l\u2019une des plus belles au Portugal. La cascade est situ\u00e9e dans la sierra Cabreia, paroisse de Silva Escura, a environ 9km de notre station touristique. L\u2019irr\u00e9gularit\u00e9 des terres, coupl\u00e9e avec des puissants torrents et une riche flore locale, a produit des espaces bucoliques ou la po\u00e9sie de la nature a \u00e9t\u00e9 compl\u00e9t\u00e9e par la volont\u00e9 humaine. Symbole ultime du caprice de la nature, \u00e9merge la Cabreia Cascade aliment\u00e9e par le Rio Mau qui lui donne sa vitesse sa force, avant de tomber dans une colline rocheuse. Indiscutablement belle et relaxante, la cascade offre un peu de tout a ses visiteurs; la fraicheur provoqu\u00e9e par la chute des eaux dans le bassin de la rivi\u00e8re, la v\u00e9g\u00e9tation dense et ordonn\u00e9e par l\u2019intervention humaine, le site invitant aux sentiments romantiques, et les tables et les bancs en bois, permettent d\u2019accueillir ceux qui veulent se joindre \u00e0 la nature et aux gouts gastronomique de la r\u00e9gion.<\/p>\n<p>&nbsp;<\/p>\n<p><\/p>","protected":false},"excerpt":{"rendered":"<p>Dans tout le pays et les iles, il y a des endroits secrets cachant d\u2019authentiques paradis \u00e0 d\u00e9couvrir. Le VortexMag a class\u00e9 Cabreia Cascade comme l\u2019une des plus belles au Portugal. La cascade est situ\u00e9e dans la sierra Cabreia, paroisse de Silva Escura, a environ 9km de notre station touristique. L\u2019irr\u00e9gularit\u00e9 des terres, coupl\u00e9e avec [&hellip;]<\/p>\n","protected":false},"author":1,"featured_media":350,"parent":9,"menu_order":10,"comment_status":"closed","ping_status":"closed","template":"page-child-pages.php","meta":{"_acf_changed":false,"footnotes":""},"class_list":["post-52","page","type-page","status-publish","has-post-thumbnail","hentry"],"acf":[],"yoast_head":"<!-- This site is optimized with the Yoast SEO plugin v27.2 - https:\/\/yoast.com\/product\/yoast-seo-wordpress\/ -->\n<title>Cabreia Cascade - Encosta dos T\u00faneis<\/title>\n<meta name=\"robots\" content=\"index, follow, max-snippet:-1, max-image-preview:large, max-video-preview:-1\" \/>\n<link rel=\"canonical\" href=\"https:\/\/encostadostuneis.com\/fr\/explorar\/cascata-da-cabreia\/\" \/>\n<meta property=\"og:locale\" content=\"fr_FR\" \/>\n<meta property=\"og:type\" content=\"article\" \/>\n<meta property=\"og:title\" content=\"Cabreia Cascade - Encosta dos T\u00faneis\" \/>\n<meta property=\"og:description\" content=\"Dans tout le pays et les iles, il y a des endroits secrets cachant d\u2019authentiques paradis \u00e0 d\u00e9couvrir. Le VortexMag a class\u00e9 Cabreia Cascade comme l\u2019une des plus belles au Portugal. La cascade est situ\u00e9e dans la sierra Cabreia, paroisse de Silva Escura, a environ 9km de notre station touristique. L\u2019irr\u00e9gularit\u00e9 des terres, coupl\u00e9e avec [&hellip;]\" \/>\n<meta property=\"og:url\" content=\"https:\/\/encostadostuneis.com\/fr\/explorar\/cascata-da-cabreia\/\" \/>\n<meta property=\"og:site_name\" content=\"Encosta dos T\u00faneis\" \/>\n<meta property=\"article:publisher\" content=\"https:\/\/www.facebook.com\/encostadostuneis\/\" \/>\n<meta property=\"article:modified_time\" content=\"2018-03-16T18:16:26+00:00\" \/>\n<meta property=\"og:image\" content=\"https:\/\/encostadostuneis.com\/wp-content\/uploads\/2016\/09\/cascata.jpg\" \/>\n\t<meta property=\"og:image:width\" content=\"650\" \/>\n\t<meta property=\"og:image:height\" content=\"650\" \/>\n\t<meta property=\"og:image:type\" content=\"image\/jpeg\" \/>\n<meta name=\"twitter:card\" content=\"summary_large_image\" \/>\n<meta name=\"twitter:label1\" content=\"Dur\u00e9e de lecture estim\u00e9e\" \/>\n\t<meta name=\"twitter:data1\" content=\"3 minutes\" \/>\n<script type=\"application\/ld+json\" class=\"yoast-schema-graph\">{\"@context\":\"https:\/\/schema.org\",\"@graph\":[{\"@type\":\"WebPage\",\"@id\":\"https:\/\/encostadostuneis.com\/fr\/explorar\/cascata-da-cabreia\/\",\"url\":\"https:\/\/encostadostuneis.com\/fr\/explorar\/cascata-da-cabreia\/\",\"name\":\"Cabreia Cascade - Encosta dos T\u00faneis\",\"isPartOf\":{\"@id\":\"https:\/\/encostadostuneis.com\/fr\/#website\"},\"primaryImageOfPage\":{\"@id\":\"https:\/\/encostadostuneis.com\/fr\/explorar\/cascata-da-cabreia\/#primaryimage\"},\"image\":{\"@id\":\"https:\/\/encostadostuneis.com\/explorar\/cascata-da-cabreia\/#primaryimage\"},\"thumbnailUrl\":\"https:\/\/encostadostuneis.com\/wp-content\/uploads\/2016\/09\/cascata.jpg\",\"datePublished\":\"2016-09-28T16:59:35+00:00\",\"dateModified\":\"2018-03-16T18:16:26+00:00\",\"breadcrumb\":{\"@id\":\"https:\/\/encostadostuneis.com\/fr\/explorar\/cascata-da-cabreia\/#breadcrumb\"},\"inLanguage\":\"fr-FR\",\"potentialAction\":[{\"@type\":\"ReadAction\",\"target\":[\"https:\/\/encostadostuneis.com\/fr\/wp-json\/wp\/v2\/pages\/52\"]}]},{\"@type\":\"ImageObject\",\"inLanguage\":\"fr-FR\",\"@id\":\"https:\/\/encostadostuneis.com\/fr\/explorar\/cascata-da-cabreia\/#primaryimage\",\"url\":\"https:\/\/encostadostuneis.com\/wp-content\/uploads\/2016\/09\/cascata.jpg\",\"contentUrl\":\"https:\/\/encostadostuneis.com\/wp-content\/uploads\/2016\/09\/cascata.jpg\",\"width\":650,\"height\":650},{\"@type\":\"BreadcrumbList\",\"@id\":\"https:\/\/encostadostuneis.com\/fr\/explorar\/cascata-da-cabreia\/#breadcrumb\",\"itemListElement\":[{\"@type\":\"ListItem\",\"position\":1,\"name\":\"In\u00edcio\",\"item\":\"https:\/\/encostadostuneis.com\/fr\/\"},{\"@type\":\"ListItem\",\"position\":2,\"name\":\"EXPLORAR\",\"item\":\"https:\/\/encostadostuneis.com\/fr\/explorar\/\"},{\"@type\":\"ListItem\",\"position\":3,\"name\":\"CASCATA DA CABREIA\"}]},{\"@type\":\"WebSite\",\"@id\":\"https:\/\/encostadostuneis.com\/fr\/#website\",\"url\":\"https:\/\/encostadostuneis.com\/fr\/\",\"name\":\"Encosta dos T\u00faneis\",\"description\":\"Entre a serra e o rio, o bem estar reside aqui.\",\"potentialAction\":[{\"@type\":\"SearchAction\",\"target\":{\"@type\":\"EntryPoint\",\"urlTemplate\":\"https:\/\/encostadostuneis.com\/fr\/?s={search_term_string}\"},\"query-input\":{\"@type\":\"PropertyValueSpecification\",\"valueRequired\":true,\"valueName\":\"search_term_string\"}}],\"inLanguage\":\"fr-FR\"}]}<\/script>\n<!-- \/ Yoast SEO plugin. -->","yoast_head_json":{"title":"Cabreia Cascade - Encosta dos T\u00faneis","robots":{"index":"index","follow":"follow","max-snippet":"max-snippet:-1","max-image-preview":"max-image-preview:large","max-video-preview":"max-video-preview:-1"},"canonical":"https:\/\/encostadostuneis.com\/fr\/explorar\/cascata-da-cabreia\/","og_locale":"fr_FR","og_type":"article","og_title":"Cabreia Cascade - Encosta dos T\u00faneis","og_description":"Dans tout le pays et les iles, il y a des endroits secrets cachant d\u2019authentiques paradis \u00e0 d\u00e9couvrir. Le VortexMag a class\u00e9 Cabreia Cascade comme l\u2019une des plus belles au Portugal. La cascade est situ\u00e9e dans la sierra Cabreia, paroisse de Silva Escura, a environ 9km de notre station touristique. L\u2019irr\u00e9gularit\u00e9 des terres, coupl\u00e9e avec [&hellip;]","og_url":"https:\/\/encostadostuneis.com\/fr\/explorar\/cascata-da-cabreia\/","og_site_name":"Encosta dos T\u00faneis","article_publisher":"https:\/\/www.facebook.com\/encostadostuneis\/","article_modified_time":"2018-03-16T18:16:26+00:00","og_image":[{"width":650,"height":650,"url":"https:\/\/encostadostuneis.com\/wp-content\/uploads\/2016\/09\/cascata.jpg","type":"image\/jpeg"}],"twitter_card":"summary_large_image","twitter_misc":{"Dur\u00e9e de lecture estim\u00e9e":"3 minutes"},"schema":{"@context":"https:\/\/schema.org","@graph":[{"@type":"WebPage","@id":"https:\/\/encostadostuneis.com\/fr\/explorar\/cascata-da-cabreia\/","url":"https:\/\/encostadostuneis.com\/fr\/explorar\/cascata-da-cabreia\/","name":"Cabreia Cascade - Encosta dos T\u00faneis","isPartOf":{"@id":"https:\/\/encostadostuneis.com\/fr\/#website"},"primaryImageOfPage":{"@id":"https:\/\/encostadostuneis.com\/fr\/explorar\/cascata-da-cabreia\/#primaryimage"},"image":{"@id":"https:\/\/encostadostuneis.com\/explorar\/cascata-da-cabreia\/#primaryimage"},"thumbnailUrl":"https:\/\/encostadostuneis.com\/wp-content\/uploads\/2016\/09\/cascata.jpg","datePublished":"2016-09-28T16:59:35+00:00","dateModified":"2018-03-16T18:16:26+00:00","breadcrumb":{"@id":"https:\/\/encostadostuneis.com\/fr\/explorar\/cascata-da-cabreia\/#breadcrumb"},"inLanguage":"fr-FR","potentialAction":[{"@type":"ReadAction","target":["https:\/\/encostadostuneis.com\/fr\/wp-json\/wp\/v2\/pages\/52"]}]},{"@type":"ImageObject","inLanguage":"fr-FR","@id":"https:\/\/encostadostuneis.com\/fr\/explorar\/cascata-da-cabreia\/#primaryimage","url":"https:\/\/encostadostuneis.com\/wp-content\/uploads\/2016\/09\/cascata.jpg","contentUrl":"https:\/\/encostadostuneis.com\/wp-content\/uploads\/2016\/09\/cascata.jpg","width":650,"height":650},{"@type":"BreadcrumbList","@id":"https:\/\/encostadostuneis.com\/fr\/explorar\/cascata-da-cabreia\/#breadcrumb","itemListElement":[{"@type":"ListItem","position":1,"name":"In\u00edcio","item":"https:\/\/encostadostuneis.com\/fr\/"},{"@type":"ListItem","position":2,"name":"EXPLORAR","item":"https:\/\/encostadostuneis.com\/fr\/explorar\/"},{"@type":"ListItem","position":3,"name":"CASCATA DA CABREIA"}]},{"@type":"WebSite","@id":"https:\/\/encostadostuneis.com\/fr\/#website","url":"https:\/\/encostadostuneis.com\/fr\/","name":"Encosta dos T\u00faneis","description":"Entre a serra e o rio, o bem estar reside aqui.","potentialAction":[{"@type":"SearchAction","target":{"@type":"EntryPoint","urlTemplate":"https:\/\/encostadostuneis.com\/fr\/?s={search_term_string}"},"query-input":{"@type":"PropertyValueSpecification","valueRequired":true,"valueName":"search_term_string"}}],"inLanguage":"fr-FR"}]}},"_links":{"self":[{"href":"https:\/\/encostadostuneis.com\/fr\/wp-json\/wp\/v2\/pages\/52","targetHints":{"allow":["GET"]}}],"collection":[{"href":"https:\/\/encostadostuneis.com\/fr\/wp-json\/wp\/v2\/pages"}],"about":[{"href":"https:\/\/encostadostuneis.com\/fr\/wp-json\/wp\/v2\/types\/page"}],"author":[{"embeddable":true,"href":"https:\/\/encostadostuneis.com\/fr\/wp-json\/wp\/v2\/users\/1"}],"replies":[{"embeddable":true,"href":"https:\/\/encostadostuneis.com\/fr\/wp-json\/wp\/v2\/comments?post=52"}],"version-history":[{"count":5,"href":"https:\/\/encostadostuneis.com\/fr\/wp-json\/wp\/v2\/pages\/52\/revisions"}],"predecessor-version":[{"id":579,"href":"https:\/\/encostadostuneis.com\/fr\/wp-json\/wp\/v2\/pages\/52\/revisions\/579"}],"up":[{"embeddable":true,"href":"https:\/\/encostadostuneis.com\/fr\/wp-json\/wp\/v2\/pages\/9"}],"wp:featuredmedia":[{"embeddable":true,"href":"https:\/\/encostadostuneis.com\/fr\/wp-json\/wp\/v2\/media\/350"}],"wp:attachment":[{"href":"https:\/\/encostadostuneis.com\/fr\/wp-json\/wp\/v2\/media?parent=52"}],"curies":[{"name":"wp","href":"https:\/\/api.w.org\/{rel}","templated":true}]}}