{"id":49,"date":"2016-09-28T16:59:22","date_gmt":"2016-09-28T16:59:22","guid":{"rendered":"https:\/\/encostadostuneis.com\/?page_id=49"},"modified":"2018-03-16T16:57:30","modified_gmt":"2018-03-16T16:57:30","slug":"praia-fluvial-quinta-do-barco","status":"publish","type":"page","link":"https:\/\/encostadostuneis.com\/fr\/explorar\/praia-fluvial-quinta-do-barco\/","title":{"rendered":"Plage rivi\u00e8re Quinta do Barco"},"content":{"rendered":"<p><\/p>\n<p>Cette plage de rivi\u00e8re est \u00e0 environ 500 m de notre ferme. Elle est surveill\u00e9e par un maitre-nageur et des cano\u00e9s peuvent \u00eatre lou\u00e9s pour visiter naviguer la rivi\u00e8re.<\/p>\n<p>La plage de la rivi\u00e8re \u00e0 diverses infrastructures de soutien pour zone de baignade.<\/p>\n<p>&nbsp;<\/p>\n<p><\/p>","protected":false},"excerpt":{"rendered":"<p>Cette plage de rivi\u00e8re est \u00e0 environ 500 m de notre ferme. Elle est surveill\u00e9e par un maitre-nageur et des cano\u00e9s peuvent \u00eatre lou\u00e9s pour visiter naviguer la rivi\u00e8re. La plage de la rivi\u00e8re \u00e0 diverses infrastructures de soutien pour zone de baignade. &nbsp;<\/p>\n","protected":false},"author":1,"featured_media":352,"parent":9,"menu_order":13,"comment_status":"closed","ping_status":"closed","template":"page-child-pages.php","meta":{"_acf_changed":false,"footnotes":""},"class_list":["post-49","page","type-page","status-publish","has-post-thumbnail","hentry"],"acf":[],"yoast_head":"<!-- This site is optimized with the Yoast SEO plugin v27.2 - https:\/\/yoast.com\/product\/yoast-seo-wordpress\/ -->\n<title>Plage rivi\u00e8re Quinta do Barco - Encosta dos T\u00faneis<\/title>\n<meta name=\"robots\" content=\"index, follow, max-snippet:-1, max-image-preview:large, max-video-preview:-1\" \/>\n<link rel=\"canonical\" href=\"https:\/\/encostadostuneis.com\/fr\/explorar\/praia-fluvial-quinta-do-barco\/\" \/>\n<meta property=\"og:locale\" content=\"fr_FR\" \/>\n<meta property=\"og:type\" content=\"article\" \/>\n<meta property=\"og:title\" content=\"Plage rivi\u00e8re Quinta do Barco - Encosta dos T\u00faneis\" \/>\n<meta property=\"og:description\" content=\"Cette plage de rivi\u00e8re est \u00e0 environ 500 m de notre ferme. Elle est surveill\u00e9e par un maitre-nageur et des cano\u00e9s peuvent \u00eatre lou\u00e9s pour visiter naviguer la rivi\u00e8re. La plage de la rivi\u00e8re \u00e0 diverses infrastructures de soutien pour zone de baignade. &nbsp;\" \/>\n<meta property=\"og:url\" content=\"https:\/\/encostadostuneis.com\/fr\/explorar\/praia-fluvial-quinta-do-barco\/\" \/>\n<meta property=\"og:site_name\" content=\"Encosta dos T\u00faneis\" \/>\n<meta property=\"article:publisher\" content=\"https:\/\/www.facebook.com\/encostadostuneis\/\" \/>\n<meta property=\"article:modified_time\" content=\"2018-03-16T16:57:30+00:00\" \/>\n<meta property=\"og:image\" content=\"https:\/\/encostadostuneis.com\/wp-content\/uploads\/2016\/09\/praia-fluvial.jpg\" \/>\n\t<meta property=\"og:image:width\" content=\"650\" \/>\n\t<meta property=\"og:image:height\" content=\"650\" \/>\n\t<meta property=\"og:image:type\" content=\"image\/jpeg\" \/>\n<meta name=\"twitter:card\" content=\"summary_large_image\" \/>\n<meta name=\"twitter:label1\" content=\"Dur\u00e9e de lecture estim\u00e9e\" \/>\n\t<meta name=\"twitter:data1\" content=\"1 minute\" \/>\n<script type=\"application\/ld+json\" class=\"yoast-schema-graph\">{\"@context\":\"https:\/\/schema.org\",\"@graph\":[{\"@type\":\"WebPage\",\"@id\":\"https:\/\/encostadostuneis.com\/fr\/explorar\/praia-fluvial-quinta-do-barco\/\",\"url\":\"https:\/\/encostadostuneis.com\/fr\/explorar\/praia-fluvial-quinta-do-barco\/\",\"name\":\"Plage rivi\u00e8re Quinta do Barco - Encosta dos T\u00faneis\",\"isPartOf\":{\"@id\":\"https:\/\/encostadostuneis.com\/fr\/#website\"},\"primaryImageOfPage\":{\"@id\":\"https:\/\/encostadostuneis.com\/fr\/explorar\/praia-fluvial-quinta-do-barco\/#primaryimage\"},\"image\":{\"@id\":\"https:\/\/encostadostuneis.com\/explorar\/praia-fluvial-quinta-do-barco\/#primaryimage\"},\"thumbnailUrl\":\"https:\/\/encostadostuneis.com\/wp-content\/uploads\/2016\/09\/praia-fluvial.jpg\",\"datePublished\":\"2016-09-28T16:59:22+00:00\",\"dateModified\":\"2018-03-16T16:57:30+00:00\",\"breadcrumb\":{\"@id\":\"https:\/\/encostadostuneis.com\/fr\/explorar\/praia-fluvial-quinta-do-barco\/#breadcrumb\"},\"inLanguage\":\"fr-FR\",\"potentialAction\":[{\"@type\":\"ReadAction\",\"target\":[\"https:\/\/encostadostuneis.com\/fr\/wp-json\/wp\/v2\/pages\/49\"]}]},{\"@type\":\"ImageObject\",\"inLanguage\":\"fr-FR\",\"@id\":\"https:\/\/encostadostuneis.com\/fr\/explorar\/praia-fluvial-quinta-do-barco\/#primaryimage\",\"url\":\"https:\/\/encostadostuneis.com\/wp-content\/uploads\/2016\/09\/praia-fluvial.jpg\",\"contentUrl\":\"https:\/\/encostadostuneis.com\/wp-content\/uploads\/2016\/09\/praia-fluvial.jpg\",\"width\":650,\"height\":650},{\"@type\":\"BreadcrumbList\",\"@id\":\"https:\/\/encostadostuneis.com\/fr\/explorar\/praia-fluvial-quinta-do-barco\/#breadcrumb\",\"itemListElement\":[{\"@type\":\"ListItem\",\"position\":1,\"name\":\"In\u00edcio\",\"item\":\"https:\/\/encostadostuneis.com\/fr\/\"},{\"@type\":\"ListItem\",\"position\":2,\"name\":\"EXPLORAR\",\"item\":\"https:\/\/encostadostuneis.com\/fr\/explorar\/\"},{\"@type\":\"ListItem\",\"position\":3,\"name\":\"PRAIA FLUVIAL QUINTA DO BARCO\"}]},{\"@type\":\"WebSite\",\"@id\":\"https:\/\/encostadostuneis.com\/fr\/#website\",\"url\":\"https:\/\/encostadostuneis.com\/fr\/\",\"name\":\"Encosta dos T\u00faneis\",\"description\":\"Entre a serra e o rio, o bem estar reside aqui.\",\"potentialAction\":[{\"@type\":\"SearchAction\",\"target\":{\"@type\":\"EntryPoint\",\"urlTemplate\":\"https:\/\/encostadostuneis.com\/fr\/?s={search_term_string}\"},\"query-input\":{\"@type\":\"PropertyValueSpecification\",\"valueRequired\":true,\"valueName\":\"search_term_string\"}}],\"inLanguage\":\"fr-FR\"}]}<\/script>\n<!-- \/ Yoast SEO plugin. -->","yoast_head_json":{"title":"Plage rivi\u00e8re Quinta do Barco - Encosta dos T\u00faneis","robots":{"index":"index","follow":"follow","max-snippet":"max-snippet:-1","max-image-preview":"max-image-preview:large","max-video-preview":"max-video-preview:-1"},"canonical":"https:\/\/encostadostuneis.com\/fr\/explorar\/praia-fluvial-quinta-do-barco\/","og_locale":"fr_FR","og_type":"article","og_title":"Plage rivi\u00e8re Quinta do Barco - Encosta dos T\u00faneis","og_description":"Cette plage de rivi\u00e8re est \u00e0 environ 500 m de notre ferme. Elle est surveill\u00e9e par un maitre-nageur et des cano\u00e9s peuvent \u00eatre lou\u00e9s pour visiter naviguer la rivi\u00e8re. La plage de la rivi\u00e8re \u00e0 diverses infrastructures de soutien pour zone de baignade. &nbsp;","og_url":"https:\/\/encostadostuneis.com\/fr\/explorar\/praia-fluvial-quinta-do-barco\/","og_site_name":"Encosta dos T\u00faneis","article_publisher":"https:\/\/www.facebook.com\/encostadostuneis\/","article_modified_time":"2018-03-16T16:57:30+00:00","og_image":[{"width":650,"height":650,"url":"https:\/\/encostadostuneis.com\/wp-content\/uploads\/2016\/09\/praia-fluvial.jpg","type":"image\/jpeg"}],"twitter_card":"summary_large_image","twitter_misc":{"Dur\u00e9e de lecture estim\u00e9e":"1 minute"},"schema":{"@context":"https:\/\/schema.org","@graph":[{"@type":"WebPage","@id":"https:\/\/encostadostuneis.com\/fr\/explorar\/praia-fluvial-quinta-do-barco\/","url":"https:\/\/encostadostuneis.com\/fr\/explorar\/praia-fluvial-quinta-do-barco\/","name":"Plage rivi\u00e8re Quinta do Barco - Encosta dos T\u00faneis","isPartOf":{"@id":"https:\/\/encostadostuneis.com\/fr\/#website"},"primaryImageOfPage":{"@id":"https:\/\/encostadostuneis.com\/fr\/explorar\/praia-fluvial-quinta-do-barco\/#primaryimage"},"image":{"@id":"https:\/\/encostadostuneis.com\/explorar\/praia-fluvial-quinta-do-barco\/#primaryimage"},"thumbnailUrl":"https:\/\/encostadostuneis.com\/wp-content\/uploads\/2016\/09\/praia-fluvial.jpg","datePublished":"2016-09-28T16:59:22+00:00","dateModified":"2018-03-16T16:57:30+00:00","breadcrumb":{"@id":"https:\/\/encostadostuneis.com\/fr\/explorar\/praia-fluvial-quinta-do-barco\/#breadcrumb"},"inLanguage":"fr-FR","potentialAction":[{"@type":"ReadAction","target":["https:\/\/encostadostuneis.com\/fr\/wp-json\/wp\/v2\/pages\/49"]}]},{"@type":"ImageObject","inLanguage":"fr-FR","@id":"https:\/\/encostadostuneis.com\/fr\/explorar\/praia-fluvial-quinta-do-barco\/#primaryimage","url":"https:\/\/encostadostuneis.com\/wp-content\/uploads\/2016\/09\/praia-fluvial.jpg","contentUrl":"https:\/\/encostadostuneis.com\/wp-content\/uploads\/2016\/09\/praia-fluvial.jpg","width":650,"height":650},{"@type":"BreadcrumbList","@id":"https:\/\/encostadostuneis.com\/fr\/explorar\/praia-fluvial-quinta-do-barco\/#breadcrumb","itemListElement":[{"@type":"ListItem","position":1,"name":"In\u00edcio","item":"https:\/\/encostadostuneis.com\/fr\/"},{"@type":"ListItem","position":2,"name":"EXPLORAR","item":"https:\/\/encostadostuneis.com\/fr\/explorar\/"},{"@type":"ListItem","position":3,"name":"PRAIA FLUVIAL QUINTA DO BARCO"}]},{"@type":"WebSite","@id":"https:\/\/encostadostuneis.com\/fr\/#website","url":"https:\/\/encostadostuneis.com\/fr\/","name":"Encosta dos T\u00faneis","description":"Entre a serra e o rio, o bem estar reside aqui.","potentialAction":[{"@type":"SearchAction","target":{"@type":"EntryPoint","urlTemplate":"https:\/\/encostadostuneis.com\/fr\/?s={search_term_string}"},"query-input":{"@type":"PropertyValueSpecification","valueRequired":true,"valueName":"search_term_string"}}],"inLanguage":"fr-FR"}]}},"_links":{"self":[{"href":"https:\/\/encostadostuneis.com\/fr\/wp-json\/wp\/v2\/pages\/49","targetHints":{"allow":["GET"]}}],"collection":[{"href":"https:\/\/encostadostuneis.com\/fr\/wp-json\/wp\/v2\/pages"}],"about":[{"href":"https:\/\/encostadostuneis.com\/fr\/wp-json\/wp\/v2\/types\/page"}],"author":[{"embeddable":true,"href":"https:\/\/encostadostuneis.com\/fr\/wp-json\/wp\/v2\/users\/1"}],"replies":[{"embeddable":true,"href":"https:\/\/encostadostuneis.com\/fr\/wp-json\/wp\/v2\/comments?post=49"}],"version-history":[{"count":5,"href":"https:\/\/encostadostuneis.com\/fr\/wp-json\/wp\/v2\/pages\/49\/revisions"}],"predecessor-version":[{"id":570,"href":"https:\/\/encostadostuneis.com\/fr\/wp-json\/wp\/v2\/pages\/49\/revisions\/570"}],"up":[{"embeddable":true,"href":"https:\/\/encostadostuneis.com\/fr\/wp-json\/wp\/v2\/pages\/9"}],"wp:featuredmedia":[{"embeddable":true,"href":"https:\/\/encostadostuneis.com\/fr\/wp-json\/wp\/v2\/media\/352"}],"wp:attachment":[{"href":"https:\/\/encostadostuneis.com\/fr\/wp-json\/wp\/v2\/media?parent=49"}],"curies":[{"name":"wp","href":"https:\/\/api.w.org\/{rel}","templated":true}]}}