{"id":42,"date":"2016-09-28T16:54:51","date_gmt":"2016-09-28T16:54:51","guid":{"rendered":"https:\/\/encostadostuneis.com\/?page_id=42"},"modified":"2018-03-16T16:18:30","modified_gmt":"2018-03-16T16:18:30","slug":"as-encostas","status":"publish","type":"page","link":"https:\/\/encostadostuneis.com\/fr\/a-quinta\/as-encostas\/","title":{"rendered":"Les Pentes"},"content":{"rendered":"<p><\/p>\n<p>Quinta do Vale Covo est entour\u00e9e par des pentes remplies des vignes, d\u2019arbres fruitiers et plantes indig\u00e8nes.<\/p>\n<p>Le paysage est marqu\u00e9 par des terrasses qui fa\u00e7onnent le visage des itin\u00e9raires au Rio Vouga, les couleurs pr\u00e9dominantes allant du vert\u00a0 \u00e0 l\u2019or, orange et rouge.<\/p>\n<p>Chaque saison, les pentes changent leurs couleurs et nous permettent d\u2019entrevoir leur beaut\u00e9 toujours renouvel\u00e9e.<\/p>\n<p><\/p>","protected":false},"excerpt":{"rendered":"<p>Quinta do Vale Covo est entour\u00e9e par des pentes remplies des vignes, d\u2019arbres fruitiers et plantes indig\u00e8nes. Le paysage est marqu\u00e9 par des terrasses qui fa\u00e7onnent le visage des itin\u00e9raires au Rio Vouga, les couleurs pr\u00e9dominantes allant du vert\u00a0 \u00e0 l\u2019or, orange et rouge. Chaque saison, les pentes changent leurs couleurs et nous permettent d\u2019entrevoir [&hellip;]<\/p>\n","protected":false},"author":1,"featured_media":308,"parent":6,"menu_order":6,"comment_status":"closed","ping_status":"closed","template":"page-child-pages.php","meta":{"_acf_changed":false,"footnotes":""},"class_list":["post-42","page","type-page","status-publish","has-post-thumbnail","hentry"],"acf":[],"yoast_head":"<!-- This site is optimized with the Yoast SEO plugin v27.2 - https:\/\/yoast.com\/product\/yoast-seo-wordpress\/ -->\n<title>Les Pentes - Encosta dos T\u00faneis<\/title>\n<meta name=\"robots\" content=\"index, follow, max-snippet:-1, max-image-preview:large, max-video-preview:-1\" \/>\n<link rel=\"canonical\" href=\"https:\/\/encostadostuneis.com\/fr\/a-quinta\/as-encostas\/\" \/>\n<meta property=\"og:locale\" content=\"fr_FR\" \/>\n<meta property=\"og:type\" content=\"article\" \/>\n<meta property=\"og:title\" content=\"Les Pentes - Encosta dos T\u00faneis\" \/>\n<meta property=\"og:description\" content=\"Quinta do Vale Covo est entour\u00e9e par des pentes remplies des vignes, d\u2019arbres fruitiers et plantes indig\u00e8nes. Le paysage est marqu\u00e9 par des terrasses qui fa\u00e7onnent le visage des itin\u00e9raires au Rio Vouga, les couleurs pr\u00e9dominantes allant du vert\u00a0 \u00e0 l\u2019or, orange et rouge. Chaque saison, les pentes changent leurs couleurs et nous permettent d\u2019entrevoir [&hellip;]\" \/>\n<meta property=\"og:url\" content=\"https:\/\/encostadostuneis.com\/fr\/a-quinta\/as-encostas\/\" \/>\n<meta property=\"og:site_name\" content=\"Encosta dos T\u00faneis\" \/>\n<meta property=\"article:publisher\" content=\"https:\/\/www.facebook.com\/encostadostuneis\/\" \/>\n<meta property=\"article:modified_time\" content=\"2018-03-16T16:18:30+00:00\" \/>\n<meta property=\"og:image\" content=\"https:\/\/encostadostuneis.com\/wp-content\/uploads\/2016\/09\/thumb_0002s_0001_Vector-Smart-Object-1.jpg\" \/>\n\t<meta property=\"og:image:width\" content=\"650\" \/>\n\t<meta property=\"og:image:height\" content=\"650\" \/>\n\t<meta property=\"og:image:type\" content=\"image\/jpeg\" \/>\n<meta name=\"twitter:card\" content=\"summary_large_image\" \/>\n<meta name=\"twitter:label1\" content=\"Dur\u00e9e de lecture estim\u00e9e\" \/>\n\t<meta name=\"twitter:data1\" content=\"1 minute\" \/>\n<script type=\"application\/ld+json\" class=\"yoast-schema-graph\">{\"@context\":\"https:\/\/schema.org\",\"@graph\":[{\"@type\":\"WebPage\",\"@id\":\"https:\/\/encostadostuneis.com\/fr\/a-quinta\/as-encostas\/\",\"url\":\"https:\/\/encostadostuneis.com\/fr\/a-quinta\/as-encostas\/\",\"name\":\"Les Pentes - Encosta dos T\u00faneis\",\"isPartOf\":{\"@id\":\"https:\/\/encostadostuneis.com\/fr\/#website\"},\"primaryImageOfPage\":{\"@id\":\"https:\/\/encostadostuneis.com\/fr\/a-quinta\/as-encostas\/#primaryimage\"},\"image\":{\"@id\":\"https:\/\/encostadostuneis.com\/a-quinta\/as-encostas\/#primaryimage\"},\"thumbnailUrl\":\"https:\/\/encostadostuneis.com\/wp-content\/uploads\/2016\/09\/thumb_0002s_0001_Vector-Smart-Object-1.jpg\",\"datePublished\":\"2016-09-28T16:54:51+00:00\",\"dateModified\":\"2018-03-16T16:18:30+00:00\",\"breadcrumb\":{\"@id\":\"https:\/\/encostadostuneis.com\/fr\/a-quinta\/as-encostas\/#breadcrumb\"},\"inLanguage\":\"fr-FR\",\"potentialAction\":[{\"@type\":\"ReadAction\",\"target\":[\"https:\/\/encostadostuneis.com\/fr\/wp-json\/wp\/v2\/pages\/42\"]}]},{\"@type\":\"ImageObject\",\"inLanguage\":\"fr-FR\",\"@id\":\"https:\/\/encostadostuneis.com\/fr\/a-quinta\/as-encostas\/#primaryimage\",\"url\":\"https:\/\/encostadostuneis.com\/wp-content\/uploads\/2016\/09\/thumb_0002s_0001_Vector-Smart-Object-1.jpg\",\"contentUrl\":\"https:\/\/encostadostuneis.com\/wp-content\/uploads\/2016\/09\/thumb_0002s_0001_Vector-Smart-Object-1.jpg\",\"width\":650,\"height\":650},{\"@type\":\"BreadcrumbList\",\"@id\":\"https:\/\/encostadostuneis.com\/fr\/a-quinta\/as-encostas\/#breadcrumb\",\"itemListElement\":[{\"@type\":\"ListItem\",\"position\":1,\"name\":\"In\u00edcio\",\"item\":\"https:\/\/encostadostuneis.com\/fr\/\"},{\"@type\":\"ListItem\",\"position\":2,\"name\":\"A quinta\",\"item\":\"https:\/\/encostadostuneis.com\/fr\/a-quinta\/\"},{\"@type\":\"ListItem\",\"position\":3,\"name\":\"As Encostas\"}]},{\"@type\":\"WebSite\",\"@id\":\"https:\/\/encostadostuneis.com\/fr\/#website\",\"url\":\"https:\/\/encostadostuneis.com\/fr\/\",\"name\":\"Encosta dos T\u00faneis\",\"description\":\"Entre a serra e o rio, o bem estar reside aqui.\",\"potentialAction\":[{\"@type\":\"SearchAction\",\"target\":{\"@type\":\"EntryPoint\",\"urlTemplate\":\"https:\/\/encostadostuneis.com\/fr\/?s={search_term_string}\"},\"query-input\":{\"@type\":\"PropertyValueSpecification\",\"valueRequired\":true,\"valueName\":\"search_term_string\"}}],\"inLanguage\":\"fr-FR\"}]}<\/script>\n<!-- \/ Yoast SEO plugin. -->","yoast_head_json":{"title":"Les Pentes - Encosta dos T\u00faneis","robots":{"index":"index","follow":"follow","max-snippet":"max-snippet:-1","max-image-preview":"max-image-preview:large","max-video-preview":"max-video-preview:-1"},"canonical":"https:\/\/encostadostuneis.com\/fr\/a-quinta\/as-encostas\/","og_locale":"fr_FR","og_type":"article","og_title":"Les Pentes - Encosta dos T\u00faneis","og_description":"Quinta do Vale Covo est entour\u00e9e par des pentes remplies des vignes, d\u2019arbres fruitiers et plantes indig\u00e8nes. Le paysage est marqu\u00e9 par des terrasses qui fa\u00e7onnent le visage des itin\u00e9raires au Rio Vouga, les couleurs pr\u00e9dominantes allant du vert\u00a0 \u00e0 l\u2019or, orange et rouge. Chaque saison, les pentes changent leurs couleurs et nous permettent d\u2019entrevoir [&hellip;]","og_url":"https:\/\/encostadostuneis.com\/fr\/a-quinta\/as-encostas\/","og_site_name":"Encosta dos T\u00faneis","article_publisher":"https:\/\/www.facebook.com\/encostadostuneis\/","article_modified_time":"2018-03-16T16:18:30+00:00","og_image":[{"width":650,"height":650,"url":"https:\/\/encostadostuneis.com\/wp-content\/uploads\/2016\/09\/thumb_0002s_0001_Vector-Smart-Object-1.jpg","type":"image\/jpeg"}],"twitter_card":"summary_large_image","twitter_misc":{"Dur\u00e9e de lecture estim\u00e9e":"1 minute"},"schema":{"@context":"https:\/\/schema.org","@graph":[{"@type":"WebPage","@id":"https:\/\/encostadostuneis.com\/fr\/a-quinta\/as-encostas\/","url":"https:\/\/encostadostuneis.com\/fr\/a-quinta\/as-encostas\/","name":"Les Pentes - Encosta dos T\u00faneis","isPartOf":{"@id":"https:\/\/encostadostuneis.com\/fr\/#website"},"primaryImageOfPage":{"@id":"https:\/\/encostadostuneis.com\/fr\/a-quinta\/as-encostas\/#primaryimage"},"image":{"@id":"https:\/\/encostadostuneis.com\/a-quinta\/as-encostas\/#primaryimage"},"thumbnailUrl":"https:\/\/encostadostuneis.com\/wp-content\/uploads\/2016\/09\/thumb_0002s_0001_Vector-Smart-Object-1.jpg","datePublished":"2016-09-28T16:54:51+00:00","dateModified":"2018-03-16T16:18:30+00:00","breadcrumb":{"@id":"https:\/\/encostadostuneis.com\/fr\/a-quinta\/as-encostas\/#breadcrumb"},"inLanguage":"fr-FR","potentialAction":[{"@type":"ReadAction","target":["https:\/\/encostadostuneis.com\/fr\/wp-json\/wp\/v2\/pages\/42"]}]},{"@type":"ImageObject","inLanguage":"fr-FR","@id":"https:\/\/encostadostuneis.com\/fr\/a-quinta\/as-encostas\/#primaryimage","url":"https:\/\/encostadostuneis.com\/wp-content\/uploads\/2016\/09\/thumb_0002s_0001_Vector-Smart-Object-1.jpg","contentUrl":"https:\/\/encostadostuneis.com\/wp-content\/uploads\/2016\/09\/thumb_0002s_0001_Vector-Smart-Object-1.jpg","width":650,"height":650},{"@type":"BreadcrumbList","@id":"https:\/\/encostadostuneis.com\/fr\/a-quinta\/as-encostas\/#breadcrumb","itemListElement":[{"@type":"ListItem","position":1,"name":"In\u00edcio","item":"https:\/\/encostadostuneis.com\/fr\/"},{"@type":"ListItem","position":2,"name":"A quinta","item":"https:\/\/encostadostuneis.com\/fr\/a-quinta\/"},{"@type":"ListItem","position":3,"name":"As Encostas"}]},{"@type":"WebSite","@id":"https:\/\/encostadostuneis.com\/fr\/#website","url":"https:\/\/encostadostuneis.com\/fr\/","name":"Encosta dos T\u00faneis","description":"Entre a serra e o rio, o bem estar reside aqui.","potentialAction":[{"@type":"SearchAction","target":{"@type":"EntryPoint","urlTemplate":"https:\/\/encostadostuneis.com\/fr\/?s={search_term_string}"},"query-input":{"@type":"PropertyValueSpecification","valueRequired":true,"valueName":"search_term_string"}}],"inLanguage":"fr-FR"}]}},"_links":{"self":[{"href":"https:\/\/encostadostuneis.com\/fr\/wp-json\/wp\/v2\/pages\/42","targetHints":{"allow":["GET"]}}],"collection":[{"href":"https:\/\/encostadostuneis.com\/fr\/wp-json\/wp\/v2\/pages"}],"about":[{"href":"https:\/\/encostadostuneis.com\/fr\/wp-json\/wp\/v2\/types\/page"}],"author":[{"embeddable":true,"href":"https:\/\/encostadostuneis.com\/fr\/wp-json\/wp\/v2\/users\/1"}],"replies":[{"embeddable":true,"href":"https:\/\/encostadostuneis.com\/fr\/wp-json\/wp\/v2\/comments?post=42"}],"version-history":[{"count":5,"href":"https:\/\/encostadostuneis.com\/fr\/wp-json\/wp\/v2\/pages\/42\/revisions"}],"predecessor-version":[{"id":558,"href":"https:\/\/encostadostuneis.com\/fr\/wp-json\/wp\/v2\/pages\/42\/revisions\/558"}],"up":[{"embeddable":true,"href":"https:\/\/encostadostuneis.com\/fr\/wp-json\/wp\/v2\/pages\/6"}],"wp:featuredmedia":[{"embeddable":true,"href":"https:\/\/encostadostuneis.com\/fr\/wp-json\/wp\/v2\/media\/308"}],"wp:attachment":[{"href":"https:\/\/encostadostuneis.com\/fr\/wp-json\/wp\/v2\/media?parent=42"}],"curies":[{"name":"wp","href":"https:\/\/api.w.org\/{rel}","templated":true}]}}