{"id":40,"date":"2016-09-28T16:54:13","date_gmt":"2016-09-28T16:54:13","guid":{"rendered":"https:\/\/encostadostuneis.com\/?page_id=40"},"modified":"2018-03-16T15:56:48","modified_gmt":"2018-03-16T15:56:48","slug":"o-rio","status":"publish","type":"page","link":"https:\/\/encostadostuneis.com\/fr\/a-quinta\/o-rio\/","title":{"rendered":"La Rivi\u00e8re"},"content":{"rendered":"<p><\/p>\n<p>Rivi\u00e8re d\u2019une grande beaut\u00e9, n\u00e9e \u00e0 Serra da Lapa sur le site nomm\u00e9 Fontaine de Lapa, situ\u00e9e dans la paroisse de Quintela, commune Sernancelhe, se jetant dans Ria de Aveiro.<\/p>\n<p>Sur son parcours, la rivi\u00e8re baigne plusieurs endroits, dont le nom de certains est\u00a0 \u00e9troitement li\u00e9 \u00e0 la rivi\u00e8re, comme on le voit dans les noms des lieux, Pessegueiro do Vouga, Sernada do Vouga, Sever do Vouga, Macinhata do Vouga.<\/p>\n<p>Le r\u00e9servoir Ribeiradio situ\u00e9 au milieux du Vouga, entre les villes de Ribeiradio et Couto de Esteves, s\u00b4\u00e9tend sur environ 14 km, entre le pont et le barrage Cunhedo Ribeiradio\u00a0, \u00e0 travers des vall\u00e9es tr\u00e8s profondes qui offrent une toile de fond pittoresque d\u2019une grande beaut\u00e9. Le miroir d\u2019eau est id\u00e9al pour les sports nautiques comme le kayak ou stand up paddle, ce qui offre aujourd\u2019hui un nouvel \u00e9l\u00e9ment d\u2019attraction touristique dans la r\u00e9gion.<\/p>\n<p>Dans un cadre naturel d\u2019une grande\u00a0 beaut\u00e9, la rivi\u00e8re Plage Boat Farm est situ\u00e9e sur la rive gauche de la rivi\u00e8re Vouga, pr\u00e8s du village de Paradela do Vouga . La zone de loisirs dispose d\u2019une\u00a0 infrastructure qui permet \u00e0 chacun de profiter pleinement de cette nature.<\/p>\n<p>De surcroit, on peut profiter de la plage, con\u00e7ue pour la pratique du canoe et les sports extr\u00eames.<\/p>\n<p><\/p>","protected":false},"excerpt":{"rendered":"<p>Rivi\u00e8re d\u2019une grande beaut\u00e9, n\u00e9e \u00e0 Serra da Lapa sur le site nomm\u00e9 Fontaine de Lapa, situ\u00e9e dans la paroisse de Quintela, commune Sernancelhe, se jetant dans Ria de Aveiro. Sur son parcours, la rivi\u00e8re baigne plusieurs endroits, dont le nom de certains est\u00a0 \u00e9troitement li\u00e9 \u00e0 la rivi\u00e8re, comme on le voit dans les [&hellip;]<\/p>\n","protected":false},"author":1,"featured_media":307,"parent":6,"menu_order":5,"comment_status":"closed","ping_status":"closed","template":"page-child-pages.php","meta":{"_acf_changed":false,"footnotes":""},"class_list":["post-40","page","type-page","status-publish","has-post-thumbnail","hentry"],"acf":[],"yoast_head":"<!-- This site is optimized with the Yoast SEO plugin v27.2 - https:\/\/yoast.com\/product\/yoast-seo-wordpress\/ -->\n<title>La Rivi\u00e8re - Encosta dos T\u00faneis<\/title>\n<meta name=\"robots\" content=\"index, follow, max-snippet:-1, max-image-preview:large, max-video-preview:-1\" \/>\n<link rel=\"canonical\" href=\"https:\/\/encostadostuneis.com\/fr\/a-quinta\/o-rio\/\" \/>\n<meta property=\"og:locale\" content=\"fr_FR\" \/>\n<meta property=\"og:type\" content=\"article\" \/>\n<meta property=\"og:title\" content=\"La Rivi\u00e8re - Encosta dos T\u00faneis\" \/>\n<meta property=\"og:description\" content=\"Rivi\u00e8re d\u2019une grande beaut\u00e9, n\u00e9e \u00e0 Serra da Lapa sur le site nomm\u00e9 Fontaine de Lapa, situ\u00e9e dans la paroisse de Quintela, commune Sernancelhe, se jetant dans Ria de Aveiro. Sur son parcours, la rivi\u00e8re baigne plusieurs endroits, dont le nom de certains est\u00a0 \u00e9troitement li\u00e9 \u00e0 la rivi\u00e8re, comme on le voit dans les [&hellip;]\" \/>\n<meta property=\"og:url\" content=\"https:\/\/encostadostuneis.com\/fr\/a-quinta\/o-rio\/\" \/>\n<meta property=\"og:site_name\" content=\"Encosta dos T\u00faneis\" \/>\n<meta property=\"article:publisher\" content=\"https:\/\/www.facebook.com\/encostadostuneis\/\" \/>\n<meta property=\"article:modified_time\" content=\"2018-03-16T15:56:48+00:00\" \/>\n<meta property=\"og:image\" content=\"https:\/\/encostadostuneis.com\/wp-content\/uploads\/2016\/09\/thumb_0002s_0002_Vector-Smart-Object-2.jpg\" \/>\n\t<meta property=\"og:image:width\" content=\"650\" \/>\n\t<meta property=\"og:image:height\" content=\"650\" \/>\n\t<meta property=\"og:image:type\" content=\"image\/jpeg\" \/>\n<meta name=\"twitter:card\" content=\"summary_large_image\" \/>\n<meta name=\"twitter:label1\" content=\"Dur\u00e9e de lecture estim\u00e9e\" \/>\n\t<meta name=\"twitter:data1\" content=\"3 minutes\" \/>\n<script type=\"application\/ld+json\" class=\"yoast-schema-graph\">{\"@context\":\"https:\/\/schema.org\",\"@graph\":[{\"@type\":\"WebPage\",\"@id\":\"https:\/\/encostadostuneis.com\/fr\/a-quinta\/o-rio\/\",\"url\":\"https:\/\/encostadostuneis.com\/fr\/a-quinta\/o-rio\/\",\"name\":\"La Rivi\u00e8re - Encosta dos T\u00faneis\",\"isPartOf\":{\"@id\":\"https:\/\/encostadostuneis.com\/fr\/#website\"},\"primaryImageOfPage\":{\"@id\":\"https:\/\/encostadostuneis.com\/fr\/a-quinta\/o-rio\/#primaryimage\"},\"image\":{\"@id\":\"https:\/\/encostadostuneis.com\/a-quinta\/o-rio\/#primaryimage\"},\"thumbnailUrl\":\"https:\/\/encostadostuneis.com\/wp-content\/uploads\/2016\/09\/thumb_0002s_0002_Vector-Smart-Object-2.jpg\",\"datePublished\":\"2016-09-28T16:54:13+00:00\",\"dateModified\":\"2018-03-16T15:56:48+00:00\",\"breadcrumb\":{\"@id\":\"https:\/\/encostadostuneis.com\/fr\/a-quinta\/o-rio\/#breadcrumb\"},\"inLanguage\":\"fr-FR\",\"potentialAction\":[{\"@type\":\"ReadAction\",\"target\":[\"https:\/\/encostadostuneis.com\/fr\/wp-json\/wp\/v2\/pages\/40\"]}]},{\"@type\":\"ImageObject\",\"inLanguage\":\"fr-FR\",\"@id\":\"https:\/\/encostadostuneis.com\/fr\/a-quinta\/o-rio\/#primaryimage\",\"url\":\"https:\/\/encostadostuneis.com\/wp-content\/uploads\/2016\/09\/thumb_0002s_0002_Vector-Smart-Object-2.jpg\",\"contentUrl\":\"https:\/\/encostadostuneis.com\/wp-content\/uploads\/2016\/09\/thumb_0002s_0002_Vector-Smart-Object-2.jpg\",\"width\":650,\"height\":650},{\"@type\":\"BreadcrumbList\",\"@id\":\"https:\/\/encostadostuneis.com\/fr\/a-quinta\/o-rio\/#breadcrumb\",\"itemListElement\":[{\"@type\":\"ListItem\",\"position\":1,\"name\":\"In\u00edcio\",\"item\":\"https:\/\/encostadostuneis.com\/fr\/\"},{\"@type\":\"ListItem\",\"position\":2,\"name\":\"A quinta\",\"item\":\"https:\/\/encostadostuneis.com\/fr\/a-quinta\/\"},{\"@type\":\"ListItem\",\"position\":3,\"name\":\"O Rio\"}]},{\"@type\":\"WebSite\",\"@id\":\"https:\/\/encostadostuneis.com\/fr\/#website\",\"url\":\"https:\/\/encostadostuneis.com\/fr\/\",\"name\":\"Encosta dos T\u00faneis\",\"description\":\"Entre a serra e o rio, o bem estar reside aqui.\",\"potentialAction\":[{\"@type\":\"SearchAction\",\"target\":{\"@type\":\"EntryPoint\",\"urlTemplate\":\"https:\/\/encostadostuneis.com\/fr\/?s={search_term_string}\"},\"query-input\":{\"@type\":\"PropertyValueSpecification\",\"valueRequired\":true,\"valueName\":\"search_term_string\"}}],\"inLanguage\":\"fr-FR\"}]}<\/script>\n<!-- \/ Yoast SEO plugin. -->","yoast_head_json":{"title":"La Rivi\u00e8re - Encosta dos T\u00faneis","robots":{"index":"index","follow":"follow","max-snippet":"max-snippet:-1","max-image-preview":"max-image-preview:large","max-video-preview":"max-video-preview:-1"},"canonical":"https:\/\/encostadostuneis.com\/fr\/a-quinta\/o-rio\/","og_locale":"fr_FR","og_type":"article","og_title":"La Rivi\u00e8re - Encosta dos T\u00faneis","og_description":"Rivi\u00e8re d\u2019une grande beaut\u00e9, n\u00e9e \u00e0 Serra da Lapa sur le site nomm\u00e9 Fontaine de Lapa, situ\u00e9e dans la paroisse de Quintela, commune Sernancelhe, se jetant dans Ria de Aveiro. Sur son parcours, la rivi\u00e8re baigne plusieurs endroits, dont le nom de certains est\u00a0 \u00e9troitement li\u00e9 \u00e0 la rivi\u00e8re, comme on le voit dans les [&hellip;]","og_url":"https:\/\/encostadostuneis.com\/fr\/a-quinta\/o-rio\/","og_site_name":"Encosta dos T\u00faneis","article_publisher":"https:\/\/www.facebook.com\/encostadostuneis\/","article_modified_time":"2018-03-16T15:56:48+00:00","og_image":[{"width":650,"height":650,"url":"https:\/\/encostadostuneis.com\/wp-content\/uploads\/2016\/09\/thumb_0002s_0002_Vector-Smart-Object-2.jpg","type":"image\/jpeg"}],"twitter_card":"summary_large_image","twitter_misc":{"Dur\u00e9e de lecture estim\u00e9e":"3 minutes"},"schema":{"@context":"https:\/\/schema.org","@graph":[{"@type":"WebPage","@id":"https:\/\/encostadostuneis.com\/fr\/a-quinta\/o-rio\/","url":"https:\/\/encostadostuneis.com\/fr\/a-quinta\/o-rio\/","name":"La Rivi\u00e8re - Encosta dos T\u00faneis","isPartOf":{"@id":"https:\/\/encostadostuneis.com\/fr\/#website"},"primaryImageOfPage":{"@id":"https:\/\/encostadostuneis.com\/fr\/a-quinta\/o-rio\/#primaryimage"},"image":{"@id":"https:\/\/encostadostuneis.com\/a-quinta\/o-rio\/#primaryimage"},"thumbnailUrl":"https:\/\/encostadostuneis.com\/wp-content\/uploads\/2016\/09\/thumb_0002s_0002_Vector-Smart-Object-2.jpg","datePublished":"2016-09-28T16:54:13+00:00","dateModified":"2018-03-16T15:56:48+00:00","breadcrumb":{"@id":"https:\/\/encostadostuneis.com\/fr\/a-quinta\/o-rio\/#breadcrumb"},"inLanguage":"fr-FR","potentialAction":[{"@type":"ReadAction","target":["https:\/\/encostadostuneis.com\/fr\/wp-json\/wp\/v2\/pages\/40"]}]},{"@type":"ImageObject","inLanguage":"fr-FR","@id":"https:\/\/encostadostuneis.com\/fr\/a-quinta\/o-rio\/#primaryimage","url":"https:\/\/encostadostuneis.com\/wp-content\/uploads\/2016\/09\/thumb_0002s_0002_Vector-Smart-Object-2.jpg","contentUrl":"https:\/\/encostadostuneis.com\/wp-content\/uploads\/2016\/09\/thumb_0002s_0002_Vector-Smart-Object-2.jpg","width":650,"height":650},{"@type":"BreadcrumbList","@id":"https:\/\/encostadostuneis.com\/fr\/a-quinta\/o-rio\/#breadcrumb","itemListElement":[{"@type":"ListItem","position":1,"name":"In\u00edcio","item":"https:\/\/encostadostuneis.com\/fr\/"},{"@type":"ListItem","position":2,"name":"A quinta","item":"https:\/\/encostadostuneis.com\/fr\/a-quinta\/"},{"@type":"ListItem","position":3,"name":"O Rio"}]},{"@type":"WebSite","@id":"https:\/\/encostadostuneis.com\/fr\/#website","url":"https:\/\/encostadostuneis.com\/fr\/","name":"Encosta dos T\u00faneis","description":"Entre a serra e o rio, o bem estar reside aqui.","potentialAction":[{"@type":"SearchAction","target":{"@type":"EntryPoint","urlTemplate":"https:\/\/encostadostuneis.com\/fr\/?s={search_term_string}"},"query-input":{"@type":"PropertyValueSpecification","valueRequired":true,"valueName":"search_term_string"}}],"inLanguage":"fr-FR"}]}},"_links":{"self":[{"href":"https:\/\/encostadostuneis.com\/fr\/wp-json\/wp\/v2\/pages\/40","targetHints":{"allow":["GET"]}}],"collection":[{"href":"https:\/\/encostadostuneis.com\/fr\/wp-json\/wp\/v2\/pages"}],"about":[{"href":"https:\/\/encostadostuneis.com\/fr\/wp-json\/wp\/v2\/types\/page"}],"author":[{"embeddable":true,"href":"https:\/\/encostadostuneis.com\/fr\/wp-json\/wp\/v2\/users\/1"}],"replies":[{"embeddable":true,"href":"https:\/\/encostadostuneis.com\/fr\/wp-json\/wp\/v2\/comments?post=40"}],"version-history":[{"count":5,"href":"https:\/\/encostadostuneis.com\/fr\/wp-json\/wp\/v2\/pages\/40\/revisions"}],"predecessor-version":[{"id":554,"href":"https:\/\/encostadostuneis.com\/fr\/wp-json\/wp\/v2\/pages\/40\/revisions\/554"}],"up":[{"embeddable":true,"href":"https:\/\/encostadostuneis.com\/fr\/wp-json\/wp\/v2\/pages\/6"}],"wp:featuredmedia":[{"embeddable":true,"href":"https:\/\/encostadostuneis.com\/fr\/wp-json\/wp\/v2\/media\/307"}],"wp:attachment":[{"href":"https:\/\/encostadostuneis.com\/fr\/wp-json\/wp\/v2\/media?parent=40"}],"curies":[{"name":"wp","href":"https:\/\/api.w.org\/{rel}","templated":true}]}}